{"id":233,"date":"2020-09-28T15:25:34","date_gmt":"2020-09-28T15:25:34","guid":{"rendered":"https:\/\/tusimplesolucion.com\/?page_id=233"},"modified":"2020-09-28T15:33:46","modified_gmt":"2020-09-28T15:33:46","slug":"politica-de-cookies","status":"publish","type":"page","link":"https:\/\/tusimplesolucion.com\/en\/politica-de-cookies\/","title":{"rendered":"Cookie policy"},"content":{"rendered":"<p>En Tu Simple Soluci\u00f3n utilizamos cookies con el objetivo de prestar un mejor servicio y proporcionar una mejor experiencia en su navegaci\u00f3n. Queremos informarle de manera clara y precisa sobre las cookies que utilizamos, detallando a continuaci\u00f3n, qu\u00e9 es una cookie, para qu\u00e9 sirve, qu\u00e9 tipos de cookies utilizamos, cu\u00e1les son su finalidad y c\u00f3mo puede configurarlas o deshabilitarlas si as\u00ed lo desea.<\/p>\n<p><strong>\u00bfQu\u00e9 es una cookie y para qu\u00e9 sirve?<\/strong><\/p>\n<p>Una cookie es un peque\u00f1o archivo que se almacena en el ordenador del usuario, tablet, smartphone o cualquier otro dispositivo con informaci\u00f3n sobre la navegaci\u00f3n.<br \/>\nEl conjunto de cookies de todos nuestros usuarios ayuda a mejorar la calidad de nuestra web, permitiendo controlar qu\u00e9 p\u00e1ginas son \u00fatiles, cu\u00e1les no y cu\u00e1les son susceptibles de mejora.<\/p>\n<p>Las cookies son esenciales para el funcionamiento de internet, aportando innumerables ventajas en la prestaci\u00f3n de servicios interactivos, facilitando la navegaci\u00f3n y usabilidad de nuestra web.<br \/>\nEn ning\u00fan caso las cookies podr\u00e1n da\u00f1ar su equipo. Por contra, que est\u00e9n activas, nos ayuda a identificar y resolver los errores.<\/p>\n<p><strong>\u00bfQu\u00e9 tipos de cookies utilizamos?<\/strong><\/p>\n<p><strong>Seg\u00fan la entidad que la gestiona:<\/strong><\/p>\n<p>Cookies propias: Son aquellas que se env\u00edan a su equipo desde nuestros propios servidores o dominios y desde el que prestamos el servicio que nos solicita.<\/p>\n<p>Cookies de terceros: Son aquellas que se env\u00edan a su equipo desde un servidor o dominio que no es gestionado por nosotros, sino por otra entidad colaboradora. Ejemplo: las usadas por redes sociales, o por contenido externo como Google Maps.<\/p>\n<p><strong>Seg\u00fan el plazo de tiempo que permanecen activadas:<\/strong><\/p>\n<p>Cookies de sesi\u00f3n: Son cookies temporales que permanecen en el archivo de cookies de su navegador hasta que abandona la p\u00e1gina web, por lo que ninguna queda registrada en el disco duro de su equipo. La informaci\u00f3n obtenida por medio de estas cookies, sirve para analizar pautas de tr\u00e1fico en la web. A la larga, esto nos permite proporcionar una mejor experiencia para mejorar el contenido y facilitar su uso.<\/p>\n<p>Cookies persistentes: son almacenadas en el disco duro y nuestra web las lee cada vez que realiza una nueva visita. Una cookie permanente posee una fecha de expiraci\u00f3n determinada. La cookie dejar\u00e1 de funcionar despu\u00e9s de esa fecha. Estas cookies las utilizamos, generalmente, para facilitar los servicios de compra y registro.<\/p>\n<p><strong>Seg\u00fan su finalidad:<\/strong><\/p>\n<p>Cookies t\u00e9cnicas: Son aquellas necesarias para la navegaci\u00f3n y el buen funcionamiento de nuestra p\u00e1gina web. Permiten controlar el tr\u00e1fico y la comunicaci\u00f3n de datos, acceder a partes de acceso restringido, realizar el proceso de compra de un pedido, utilizar elementos de seguridad, almacenar contenidos para poder difundir v\u00eddeos o compartir contenidos a trav\u00e9s de redes sociales.<\/p>\n<p>Cookies de personalizaci\u00f3n: Son aquellas que permiten acceder al servicio con unas caracter\u00edsticas predefinidas en funci\u00f3n de una serie de criterios, como por ejemplo, el idioma, el tipo de navegador a trav\u00e9s del cual se accede al servicio, la configuraci\u00f3n regional, etc.<\/p>\n<p>Cookies de an\u00e1lisis: Son aquellas que nos permiten cuantificar el n\u00famero de usuarios y as\u00ed realizar la medici\u00f3n y an\u00e1lisis estad\u00edstico de la utilizaci\u00f3n que hacen los usuarios de los servicios prestados.<br \/>\nPara ello se analiza su navegaci\u00f3n en nuestra p\u00e1gina web con el fin de mejorar la oferta de productos y servicios que ofrecemos.<\/p>\n<p>Cookies publicitarias: permiten la gesti\u00f3n, de la forma m\u00e1s eficaz posible, de los espacios publicitarios que se pudieran incluir en nuestra p\u00e1gina web.<\/p>\n<p>Cookies de publicidad comportamental: Estas cookies almacenan informaci\u00f3n del comportamiento de los usuarios, obtenida a trav\u00e9s de la observaci\u00f3n continuada. Gracias a ellas, podemos conocer los h\u00e1bitos de navegaci\u00f3n en internet y mostrar publicidad relacionada con su perfil de navegaci\u00f3n.<\/p>\n<p><strong>Finalidad de cada una de las cookies utilizadas:<\/strong><\/p>\n<p>A continuaci\u00f3n, detallamos las cookies utilizadas en nuestra web y la finalidad de las mismas.<br \/>\nRelaci\u00f3n de cookies utilizadas en el dominio www.TuSimpleSolucion.com:<br \/>\nNombre Servidor desdeel que se env\u00eda Finalidad Propia\/Terceros Excluida \/no excluida(del deber de la informaci\u00f3n y consentimiento)<br \/>\nPHPSESSID TuSimpleSolucion.com\/ Necesaria Propia S\u00ed<br \/>\npll_language .TuSimpleSolucion.com\/ Necesaria Propia S\u00ed<br \/>\n_ga .TuSimpleSolucion.com\/ Necesaria Propia S\u00ed<br \/>\nWfvt_3349275420 TuSimpleSolucion.com\/ Necesaria Propia S\u00ed<\/p>\n<p>NOTA: Esta lista se actualizar\u00e1 con la mayor celeridad posible a medida que cambien los servicios del sitio web ofrecidos en el mismo. Sin embargo, ocasionalmente durante esta actualizaci\u00f3n, puede ser que la lista no incluya ya una cookie, aunque siempre se referir\u00e1 a cookies con prop\u00f3sitos id\u00e9nticos a los registrados en esta lista.<\/p>\n<p>&nbsp;<\/p>\n<p><strong>\u00bfC\u00f3mo puedes configurar o deshabilitar tus cookies?<\/strong><\/p>\n<p>Puedes permitir, bloquear o eliminar las cookies instaladas en su equipo mediante la configuraci\u00f3n de las opciones del navegador de Internet. En caso de que no permita la instalaci\u00f3n de cookies en su navegador es posible que no pueda acceder a algunos de los servicios y que la experiencia en nuestra web pueda resultar menos satisfactoria.<\/p>\n<p><strong>En los siguientes enlaces tiene a su disposici\u00f3n toda la informaci\u00f3n para configurar o deshabilitar las cookies en cada navegador:<\/strong><\/p>\n<p>&nbsp;<\/p>\n<p><a href=\"http:\/\/support.google.com\/chrome\/answer\/95647?hl=es\">Google Chrome<\/a><\/p>\n<p><a href=\"http:\/\/support.mozilla.org\/es\/kb\/habilitar-y-deshabilitar-cookies-que-los-sitios-we\">Mozilla Firefox<\/a><\/p>\n<p><a href=\"http:\/\/windows.microsoft.com\/es-es\/windows-vista\/block-or-allow-cookies\">Internet Explorer<\/a><\/p>\n<p><a href=\"http:\/\/support.apple.com\/kb\/ph5042?viewlocale=es_es\">Safari<\/a><\/p>\n<p><a href=\"http:\/\/support.apple.com\/kb\/ht1677?viewlocale=es_es\">Safari para IOS (iPhone y iPad)<\/a><\/p>\n<p><a href=\"http:\/\/support.google.com\/chrome\/answer\/2392971?hl=es\">Chrome para Android<\/a><\/p>\n<p><strong>Consentimiento<\/strong><\/p>\n<p>En Tu Simple Soluci\u00f3n no guardamos los datos personales de nuestros usuarios, a excepci\u00f3n de la direcci\u00f3n IP de acuerdo a lo descrito anteriormente, salvo que quiera registrarse, de forma voluntaria, con el fin de realizar compras de los productos y servicios que ponemos a su disposici\u00f3n o de recibir informaci\u00f3n sobre promociones y contenidos de su inter\u00e9s.<\/p>\n<p>Al navegar y continuar en nuestra web nos indica que est\u00e1 consintiendo el uso de las cookies antes enunciadas, y en las condiciones contenidas en la presente Pol\u00edtica de Cookies.<\/p>","protected":false},"excerpt":{"rendered":"<p>En Tu Simple Soluci\u00f3n utilizamos cookies con el objetivo de prestar un mejor servicio y proporcionar una mejor experiencia en su navegaci\u00f3n. Queremos informarle de manera clara y precisa sobre las cookies que utilizamos, detallando a continuaci\u00f3n, qu\u00e9 es una cookie, para qu\u00e9 sirve, qu\u00e9 tipos de cookies utilizamos, cu\u00e1les son su finalidad y c\u00f3mo [&#8230;]\n","protected":false},"author":3,"featured_media":0,"parent":0,"menu_order":0,"comment_status":"closed","ping_status":"closed","template":"page-templates\/page_fullwidth.php","meta":{"_joinchat":[],"footnotes":""},"class_list":["post-233","page","type-page","status-publish","hentry"],"_links":{"self":[{"href":"https:\/\/tusimplesolucion.com\/en\/wp-json\/wp\/v2\/pages\/233","targetHints":{"allow":["GET"]}}],"collection":[{"href":"https:\/\/tusimplesolucion.com\/en\/wp-json\/wp\/v2\/pages"}],"about":[{"href":"https:\/\/tusimplesolucion.com\/en\/wp-json\/wp\/v2\/types\/page"}],"author":[{"embeddable":true,"href":"https:\/\/tusimplesolucion.com\/en\/wp-json\/wp\/v2\/users\/3"}],"replies":[{"embeddable":true,"href":"https:\/\/tusimplesolucion.com\/en\/wp-json\/wp\/v2\/comments?post=233"}],"version-history":[{"count":2,"href":"https:\/\/tusimplesolucion.com\/en\/wp-json\/wp\/v2\/pages\/233\/revisions"}],"predecessor-version":[{"id":236,"href":"https:\/\/tusimplesolucion.com\/en\/wp-json\/wp\/v2\/pages\/233\/revisions\/236"}],"wp:attachment":[{"href":"https:\/\/tusimplesolucion.com\/en\/wp-json\/wp\/v2\/media?parent=233"}],"curies":[{"name":"wp","href":"https:\/\/api.w.org\/{rel}","templated":true}]}}