{"id":499,"date":"2022-05-30T19:42:08","date_gmt":"2022-05-30T19:42:08","guid":{"rendered":"https:\/\/tusimplesolucion.com\/?page_id=499"},"modified":"2024-02-17T19:40:59","modified_gmt":"2024-02-17T19:40:59","slug":"reformas-de-banos-malaga","status":"publish","type":"page","link":"https:\/\/tusimplesolucion.com\/en\/reformas-de-banos-malaga\/","title":{"rendered":"bathroom renovations in malaga"},"content":{"rendered":"<div class=\"banner has-hover\" id=\"banner-788743113\">\n          <div class=\"banner-inner fill\">\n        <div class=\"banner-bg fill\" >\n            <img loading=\"lazy\" decoding=\"async\" width=\"2560\" height=\"1707\" src=\"https:\/\/tusimplesolucion.com\/wp-content\/uploads\/2022\/05\/sidekix-media-g51F6-WYzyU-unsplash-scaled.jpg\" class=\"bg attachment-original size-original\" alt=\"\" \/>                                    \n                    <\/div>\n\t\t\n        <div class=\"banner-layers container\">\n            <div class=\"fill banner-link\"><\/div>            \n   <div id=\"text-box-1087093772\" class=\"text-box banner-layer x50 md-x50 lg-x5 y5 md-y50 lg-y50 res-text\">\n                                <div class=\"text-box-content text box-shadow-1\">\n              \n              <div class=\"text-inner text-left\">\n                  \n<p><strong><span style=\"color: #282828; font-size: 190%;\">TU SIMPLE SOLUCI\u00d3N<\/span><\/strong><\/p>\n<p><span style=\"font-size: 120%; color: #282828;\">Specialized in bathroom renovations with extensive experience. We renovate your bathroom or toilet, taking care of all the details.<\/span><\/p>\n<a data-animate=\"fadeInLeft\" href=\"tel:+34682231729\" class=\"button white is-outline is-larger box-shadow-3 expand b1\" style=\"border-radius:10px;padding:0px 40px 0px 40px;\">\n\t<i class=\"icon-phone\" aria-hidden=\"true\"><\/i>\t<span>Call us<\/span>\n\t<\/a>\n\n              <\/div>\n           <\/div>\n                            \n<style>\n#text-box-1087093772 .text-box-content {\n  background-color: rgba(255, 255, 255, 0.61);\n  border-radius: 29px;\n  font-size: 100%;\n}\n#text-box-1087093772 .text-inner {\n  padding: 30px 30px 30px 30px;\n}\n#text-box-1087093772 {\n  width: 85%;\n}\n@media (min-width:550px) {\n  #text-box-1087093772 {\n    width: 39%;\n  }\n}\n<\/style>\n    <\/div>\n \n        <\/div>\n      <\/div>\n\n            \n<style>\n#banner-788743113 {\n  padding-top: 637px;\n}\n#banner-788743113 .banner-bg img {\n  object-position: 62% 60%;\n}\n<\/style>\n  <\/div>\n\n\n\t<div id=\"gap-1642730920\" class=\"gap-element clearfix\" style=\"display:block; height:auto;\">\n\t\t\n<style>\n#gap-1642730920 {\n  padding-top: 50px;\n}\n<\/style>\n\t<\/div>\n\t\n<div class=\"row\"  id=\"row-879065323\">\n\n\t<div id=\"col-1914648507\" class=\"col small-12 large-12\"  >\n\t\t\t\t<div class=\"col-inner\"  >\n\t\t\t\n\t\t\t\n<div class=\"container section-title-container\" ><h1 class=\"section-title section-title-center\"><b aria-hidden=\"true\"><\/b><span class=\"section-title-main\" style=\"font-size:140%;\">Reformas de ba\u00f1os en m\u00e1laga<\/span><b aria-hidden=\"true\"><\/b><\/h1><\/div>\n<p class=\"lead\" style=\"text-align: center;\">\u00bfCansado de tu ba\u00f1o anticuado? \u00a1Renueva tu espacio con Reformas de Ba\u00f1os M\u00e1laga!<br \/>Dise\u00f1amos y ejecutamos reformas integrales o parciales, adapt\u00e1ndonos a tu presupuesto y necesidades.<br \/><strong><span style=\"font-size: 120%;\">\u00a1Solicita tu presupuesto gratuito y disfruta del ba\u00f1o de tus sue\u00f1os!<\/span><\/strong><\/p>\n\t\t<\/div>\n\t\t\t\t\t<\/div>\n\n\t\n<\/div>\n\n  <div class=\"banner has-hover\" id=\"banner-274940067\">\n          <div class=\"banner-inner fill\">\n        <div class=\"banner-bg fill\" >\n            <img loading=\"lazy\" decoding=\"async\" width=\"2560\" height=\"1707\" src=\"https:\/\/tusimplesolucion.com\/wp-content\/uploads\/2022\/05\/optical-shades-media-sangroha-d0WU6KSp918-unsplash-scaled.jpg\" class=\"bg attachment-original size-original\" alt=\"\" \/>                                    \n                    <\/div>\n\t\t\n        <div class=\"banner-layers container\">\n            <div class=\"fill banner-link\"><\/div>            \n   <div id=\"text-box-107379955\" class=\"text-box banner-layer x95 md-x95 lg-x95 y95 md-y50 lg-y50 res-text\">\n                                <div class=\"text-box-content text box-shadow-1\">\n              \n              <div class=\"text-inner text-left\">\n                  \n<p>&nbsp;<\/p>\n<p class=\"h1\"><strong><span style=\"color: #000000;\">Expertos en Reformas de Ba\u00f1os en M\u00e1laga<\/span><\/strong><\/p>\n<p><span style=\"font-size: 120%; color: #282828;\">Una elecci\u00f3n adecuada de azulejos y soler\u00eda, de muebles y aparatos sanitarios as\u00ed como una correcta elecci\u00f3n de la mampara de ducha o ba\u00f1era son decisiones muy importantes que hay que tener en cuenta a la hora de dise\u00f1ar y renovar el ba\u00f1o.<\/span><\/p>\n<a href=\"tel:+34682231729\" class=\"button primary is-gradient is-large b1\" style=\"border-radius:20px;\">\n\t<i class=\"icon-phone\" aria-hidden=\"true\"><\/i>\t<span>Call us<\/span>\n\t<\/a>\n\n              <\/div>\n           <\/div>\n                            \n<style>\n#text-box-107379955 .text-box-content {\n  background-color: rgba(255, 255, 255, 0.61);\n  border-radius: 29px;\n  font-size: 100%;\n}\n#text-box-107379955 .text-inner {\n  padding: 30px 30px 30px 30px;\n}\n#text-box-107379955 {\n  width: 90%;\n}\n@media (min-width:550px) {\n  #text-box-107379955 {\n    width: 44%;\n  }\n}\n<\/style>\n    <\/div>\n \n        <\/div>\n      <\/div>\n\n            \n<style>\n#banner-274940067 {\n  padding-top: 637px;\n}\n#banner-274940067 .banner-bg img {\n  object-position: 62% 60%;\n}\n<\/style>\n  <\/div>\n\n\n\n\t<section class=\"section\" id=\"section_718039367\">\n\t\t<div class=\"section-bg fill\" >\n\t\t\t\t\t\t\t\t\t\n\t\t\t\n\t<div class=\"is-border\"\n\t\tstyle=\"border-width:1px 0px 1px 0px;\">\n\t<\/div>\n\n\t\t<\/div>\n\n\t\t\n\n\t\t<div class=\"section-content relative\">\n\t\t\t\n\t<div id=\"gap-905100021\" class=\"gap-element clearfix\" style=\"display:block; height:auto;\">\n\t\t\n<style>\n#gap-905100021 {\n  padding-top: 40px;\n}\n<\/style>\n\t<\/div>\n\t\n<div class=\"container section-title-container\" ><h2 class=\"section-title section-title-center\"><b aria-hidden=\"true\"><\/b><span class=\"section-title-main\" style=\"font-size:123%;\">Nuestros trabajos de Reformas de ba\u00f1os en M\u00e1laga<\/span><b aria-hidden=\"true\"><\/b><\/h2><\/div>\n\t<div id=\"gap-623444514\" class=\"gap-element clearfix\" style=\"display:block; height:auto;\">\n\t\t\n<style>\n#gap-623444514 {\n  padding-top: 40px;\n}\n<\/style>\n\t<\/div>\n\t\n  <div class=\"banner-grid-wrapper\">\n  <div id=\"banner-grid-1674391019\" class=\"banner-grid row row-grid row-small\" data-packery-options=\"\">\n                      \n<div class=\"col grid-col large-5 grid-col-1\" ><div class=\"col-inner\">\n\t<div class=\"img has-hover x md-x lg-x y md-y lg-y\" id=\"image_535627969\">\n\t\t\t\t\t\t\t\t<div class=\"img-inner dark\" >\n\t\t\t<img loading=\"lazy\" decoding=\"async\" width=\"761\" height=\"1024\" src=\"https:\/\/tusimplesolucion.com\/wp-content\/uploads\/2024\/02\/reforma_de_banos_en_malaga-761x1024.webp\" class=\"attachment-large size-large\" alt=\"Reforma de ban\u0303os en malaga\" srcset=\"https:\/\/tusimplesolucion.com\/wp-content\/uploads\/2024\/02\/reforma_de_banos_en_malaga-761x1024.webp 761w, https:\/\/tusimplesolucion.com\/wp-content\/uploads\/2024\/02\/reforma_de_banos_en_malaga-223x300.webp 223w, https:\/\/tusimplesolucion.com\/wp-content\/uploads\/2024\/02\/reforma_de_banos_en_malaga-768x1033.webp 768w, https:\/\/tusimplesolucion.com\/wp-content\/uploads\/2024\/02\/reforma_de_banos_en_malaga-9x12.webp 9w, https:\/\/tusimplesolucion.com\/wp-content\/uploads\/2024\/02\/reforma_de_banos_en_malaga-18x24.webp 18w, https:\/\/tusimplesolucion.com\/wp-content\/uploads\/2024\/02\/reforma_de_banos_en_malaga-27x36.webp 27w, https:\/\/tusimplesolucion.com\/wp-content\/uploads\/2024\/02\/reforma_de_banos_en_malaga-36x48.webp 36w, https:\/\/tusimplesolucion.com\/wp-content\/uploads\/2024\/02\/reforma_de_banos_en_malaga.webp 800w\" sizes=\"auto, (max-width: 761px) 100vw, 761px\" \/>\t\t\t\t\t\t\n\t\t\t\t\t<\/div>\n\t\t\t\t\t\t\t\t\n<style>\n#image_535627969 {\n  width: 100%;\n}\n<\/style>\n\t<\/div>\n\t\n<\/div><\/div>\n<div class=\"col grid-col large-3 grid-col-1\" ><div class=\"col-inner\">\n\t<div class=\"img has-hover x md-x lg-x y md-y lg-y\" id=\"image_355916689\">\n\t\t\t\t\t\t\t\t<div class=\"img-inner dark\" >\n\t\t\t<img loading=\"lazy\" decoding=\"async\" width=\"649\" height=\"1024\" src=\"https:\/\/tusimplesolucion.com\/wp-content\/uploads\/2024\/02\/reforma_banos_malaga-649x1024.webp\" class=\"attachment-large size-large\" alt=\"Reformas ban\u0303os M\u00e1laga\" srcset=\"https:\/\/tusimplesolucion.com\/wp-content\/uploads\/2024\/02\/reforma_banos_malaga-649x1024.webp 649w, https:\/\/tusimplesolucion.com\/wp-content\/uploads\/2024\/02\/reforma_banos_malaga-190x300.webp 190w, https:\/\/tusimplesolucion.com\/wp-content\/uploads\/2024\/02\/reforma_banos_malaga-768x1212.webp 768w, https:\/\/tusimplesolucion.com\/wp-content\/uploads\/2024\/02\/reforma_banos_malaga-8x12.webp 8w, https:\/\/tusimplesolucion.com\/wp-content\/uploads\/2024\/02\/reforma_banos_malaga-15x24.webp 15w, https:\/\/tusimplesolucion.com\/wp-content\/uploads\/2024\/02\/reforma_banos_malaga-23x36.webp 23w, https:\/\/tusimplesolucion.com\/wp-content\/uploads\/2024\/02\/reforma_banos_malaga-30x48.webp 30w, https:\/\/tusimplesolucion.com\/wp-content\/uploads\/2024\/02\/reforma_banos_malaga.webp 800w\" sizes=\"auto, (max-width: 649px) 100vw, 649px\" \/>\t\t\t\t\t\t\n\t\t\t\t\t<\/div>\n\t\t\t\t\t\t\t\t\n<style>\n#image_355916689 {\n  width: 100%;\n}\n<\/style>\n\t<\/div>\n\t\n<\/div><\/div>\n<div class=\"col grid-col large-3 grid-col-1-2\" ><div class=\"col-inner\">\n\t<div class=\"img has-hover x md-x lg-x y md-y lg-y\" id=\"image_774395524\">\n\t\t\t\t\t\t\t\t<div class=\"img-inner dark\" >\n\t\t\t<img loading=\"lazy\" decoding=\"async\" width=\"761\" height=\"1024\" src=\"https:\/\/tusimplesolucion.com\/wp-content\/uploads\/2024\/02\/reformas_banos_malaga-761x1024.webp\" class=\"attachment-large size-large\" alt=\"\" srcset=\"https:\/\/tusimplesolucion.com\/wp-content\/uploads\/2024\/02\/reformas_banos_malaga-761x1024.webp 761w, https:\/\/tusimplesolucion.com\/wp-content\/uploads\/2024\/02\/reformas_banos_malaga-223x300.webp 223w, https:\/\/tusimplesolucion.com\/wp-content\/uploads\/2024\/02\/reformas_banos_malaga-768x1033.webp 768w, https:\/\/tusimplesolucion.com\/wp-content\/uploads\/2024\/02\/reformas_banos_malaga-9x12.webp 9w, https:\/\/tusimplesolucion.com\/wp-content\/uploads\/2024\/02\/reformas_banos_malaga-18x24.webp 18w, https:\/\/tusimplesolucion.com\/wp-content\/uploads\/2024\/02\/reformas_banos_malaga-27x36.webp 27w, https:\/\/tusimplesolucion.com\/wp-content\/uploads\/2024\/02\/reformas_banos_malaga-36x48.webp 36w, https:\/\/tusimplesolucion.com\/wp-content\/uploads\/2024\/02\/reformas_banos_malaga.webp 800w\" sizes=\"auto, (max-width: 761px) 100vw, 761px\" \/>\t\t\t\t\t\t\n\t\t\t\t\t<\/div>\n\t\t\t\t\t\t\t\t\n<style>\n#image_774395524 {\n  width: 100%;\n}\n<\/style>\n\t<\/div>\n\t\n<\/div><\/div>\n<div class=\"col grid-col large-3 grid-col-1-2\" ><div class=\"col-inner\">\n\t<div class=\"img has-hover x md-x lg-x y md-y lg-y\" id=\"image_621842150\">\n\t\t\t\t\t\t\t\t<div class=\"img-inner dark\" >\n\t\t\t<img loading=\"lazy\" decoding=\"async\" width=\"761\" height=\"1024\" src=\"https:\/\/tusimplesolucion.com\/wp-content\/uploads\/2024\/02\/reformas_malaga_banos-761x1024.webp\" class=\"attachment-large size-large\" alt=\"Reformas M\u00e1laga ban\u0303os\" srcset=\"https:\/\/tusimplesolucion.com\/wp-content\/uploads\/2024\/02\/reformas_malaga_banos-761x1024.webp 761w, https:\/\/tusimplesolucion.com\/wp-content\/uploads\/2024\/02\/reformas_malaga_banos-223x300.webp 223w, https:\/\/tusimplesolucion.com\/wp-content\/uploads\/2024\/02\/reformas_malaga_banos-768x1033.webp 768w, https:\/\/tusimplesolucion.com\/wp-content\/uploads\/2024\/02\/reformas_malaga_banos-9x12.webp 9w, https:\/\/tusimplesolucion.com\/wp-content\/uploads\/2024\/02\/reformas_malaga_banos-18x24.webp 18w, https:\/\/tusimplesolucion.com\/wp-content\/uploads\/2024\/02\/reformas_malaga_banos-27x36.webp 27w, https:\/\/tusimplesolucion.com\/wp-content\/uploads\/2024\/02\/reformas_malaga_banos-36x48.webp 36w, https:\/\/tusimplesolucion.com\/wp-content\/uploads\/2024\/02\/reformas_malaga_banos.webp 800w\" sizes=\"auto, (max-width: 761px) 100vw, 761px\" \/>\t\t\t\t\t\t\n\t\t\t\t\t<\/div>\n\t\t\t\t\t\t\t\t\n<style>\n#image_621842150 {\n  width: 100%;\n}\n<\/style>\n\t<\/div>\n\t\n<\/div><\/div>\n            <\/div>\n    <style>\n    #banner-grid-1674391019 .grid-col-1{height: 600px}\n    #banner-grid-1674391019 .grid-col-1-2{height: 300px}\n    #banner-grid-1674391019 .grid-col-1-3{height:200px}\n    #banner-grid-1674391019 .grid-col-2-3{height: 400px}\n    #banner-grid-1674391019 .grid-col-1-4{height: 150px}\n    #banner-grid-1674391019 .grid-col-3-4{height: 450px}\n\n\n    \n    \n\n  <\/style>\n    <\/div>\n  \n\t\t<\/div>\n\n\t\t\n<style>\n#section_718039367 {\n  padding-top: 43px;\n  padding-bottom: 43px;\n  min-height: 276px;\n  background-color: rgb(241, 241, 241);\n}\n<\/style>\n\t<\/section>\n\t\n\t<div id=\"gap-2002825432\" class=\"gap-element clearfix\" style=\"display:block; height:auto;\">\n\t\t\n<style>\n#gap-2002825432 {\n  padding-top: 50px;\n}\n<\/style>\n\t<\/div>\n\t\n\t<div id=\"text-526127146\" class=\"text\">\n\t\t\n<p><strong><span style=\"font-size: 250%;\">Our customers say<\/span><\/strong><\/p>\n\t\t\n<style>\n#text-526127146 {\n  text-align: center;\n}\n<\/style>\n\t<\/div>\n\t\n<div class=\"row align-equal row-box-shadow-2 row-box-shadow-5-hover\"  id=\"row-2077288638\">\n\n\t<div id=\"col-1471434776\" class=\"col medium-4 small-12 large-4\"  >\n\t\t\t\t<div class=\"col-inner\"  >\n\t\t\t\n\t\t\t\n  <div class=\"icon-box testimonial-box icon-box-center text-center\">\n                <div class=\"icon-box-img testimonial-image circle\" style=\"width: 121px\">\n                      <\/div>\n                <div class=\"icon-box-text p-last-0\">\n          <div class=\"star-rating\" role=\"img\" aria-label=\"Rated 5 out of 5\"><span style=\"width:100%\"><strong class=\"rating\"><\/strong><\/span><\/div>  \t\t\t\t<div class=\"testimonial-text line-height-small italic test_text first-reset last-reset is-italic\">\n            \n<p><span class=\"text-shade-6-0\" data-gtm-vis-has-fired-56693522_56=\"1\">Empresa recomendable. Cambi\u00e9 la ba\u00f1era por una ducha y el resultado ha sido muy bueno. Han cumplido con los plazos y muy profesionales a la hora de hacer la obra, quedando perfecta. Como detalle, al d\u00eda siguiente vino una persona a limpiar el ba\u00f1o un poco m\u00e1s a fondo.<\/span><\/p>\n          <\/div>\n          <div class=\"testimonial-meta pt-half\">\n             <strong class=\"testimonial-name test_name\">Conchi<\/strong>\n             <span class=\"testimonial-name-divider\"> \/ <\/span>             <span class=\"testimonial-company test_company\">Malaga<\/span>\n          <\/div>\n        <\/div>\n  <\/div>\n\n  \n\t\t<\/div>\n\t\t\t\t\t<\/div>\n\n\t\n\n\t<div id=\"col-1023119131\" class=\"col medium-4 small-12 large-4\"  >\n\t\t\t\t<div class=\"col-inner\"  >\n\t\t\t\n\t\t\t\n  <div class=\"icon-box testimonial-box icon-box-center text-center\">\n                <div class=\"icon-box-img testimonial-image circle\" style=\"width: 121px\">\n                      <\/div>\n                <div class=\"icon-box-text p-last-0\">\n          <div class=\"star-rating\" role=\"img\" aria-label=\"Rated 5 out of 5\"><span style=\"width:100%\"><strong class=\"rating\"><\/strong><\/span><\/div>  \t\t\t\t<div class=\"testimonial-text line-height-small italic test_text first-reset last-reset is-italic\">\n            \n<div class=\"e-box h-p2 -stacked -radius-none\">\n<p class=\"t-body h-my1\">Cambio de ba\u00f1era por plato de ducha, he quedado muy contento. El trabajo r\u00e1pido, limpio y mucha profesionalidad. Los operarios muy amables y cuidadosos. Comenzaron a las 09 y a las 16:00 ya hab\u00edan terminado. Recomendaci\u00f3n 100%.<\/p>\n<\/div>\n          <\/div>\n          <div class=\"testimonial-meta pt-half\">\n             <strong class=\"testimonial-name test_name\">Jos\u00e9 Manuel\/Rinc\u00f3n<\/strong>\n                          <span class=\"testimonial-company test_company\"><\/span>\n          <\/div>\n        <\/div>\n  <\/div>\n\n  \n\t\t<\/div>\n\t\t\t\t\t<\/div>\n\n\t\n\n\t<div id=\"col-1532131257\" class=\"col medium-4 small-12 large-4\"  >\n\t\t\t\t<div class=\"col-inner\"  >\n\t\t\t\n\t\t\t\n  <div class=\"icon-box testimonial-box icon-box-center text-center\">\n                <div class=\"icon-box-img testimonial-image circle\" style=\"width: 121px\">\n                      <\/div>\n                <div class=\"icon-box-text p-last-0\">\n          <div class=\"star-rating\" role=\"img\" aria-label=\"Rated 5 out of 5\"><span style=\"width:100%\"><strong class=\"rating\"><\/strong><\/span><\/div>  \t\t\t\t<div class=\"testimonial-text line-height-small italic test_text first-reset last-reset is-italic\">\n            \n<p>Desde el primer momento que me puse en contacto con ellos para pedirles presupuesto hasta que han dejado limpio el ba\u00f1o han sido muy puntuales y profesionales. Muy recomendable esta empresa.<\/p>\n          <\/div>\n          <div class=\"testimonial-meta pt-half\">\n             <strong class=\"testimonial-name test_name\">Antonia<\/strong>\n             <span class=\"testimonial-name-divider\"> \/ <\/span>             <span class=\"testimonial-company test_company\">El Limonar<\/span>\n          <\/div>\n        <\/div>\n  <\/div>\n\n  \n\t\t<\/div>\n\t\t\t\t\t<\/div>\n\n\t\n\n<style>\n#row-2077288638 > .col > .col-inner {\n  padding: 30px 30px 30px 30px;\n}\n<\/style>\n<\/div>\n<div class=\"message-box relative dark\" style=\"padding-top:36px;padding-bottom:36px;\"><div class=\"message-box-bg-image bg-fill fill\" style=\"background-image:url(https:\/\/tusimplesolucion.com\/wp-content\/uploads\/2022\/05\/northfolk-Ok76F6yW2iA-unsplash-1024x576.jpg);\"><\/div><div class=\"message-box-bg-overlay bg-fill fill\" style=\"background-color:rgba(74, 74, 74, 0.5);\"><\/div><div class=\"container relative\"><div class=\"inner last-reset\">\n<div class=\"row align-middle\"  id=\"row-709897206\">\n\n\t<div id=\"col-1355832209\" class=\"col medium-7 small-12 large-7\"  >\n\t\t\t\t<div class=\"col-inner\"  >\n\t\t\t\n\t\t\t\n<h2 class=\"uppercase\">ASK FOR YOUR BUDGET WITHOUT COMMITMENT<\/h2>\n<p><span style=\"font-size: 120%;\"><strong>We are looking forward to meeting the project you have in mind and make it a reality.<\/strong><\/span><br \/><span style=\"font-size: 120%;\"><strong>Contact us and we will see together the best way to make it viable.<\/strong><\/span><\/p>\n<p><span style=\"font-size: 140%;\"><strong>We are your Simple Solution!!!!!<\/strong><\/span><\/p>\n\t\t<\/div>\n\t\t\t\t\t<\/div>\n\n\t\n\n\t<div id=\"col-960342332\" class=\"col medium-5 small-12 large-5\"  >\n\t\t\t\t<div class=\"col-inner text-right\"  >\n\t\t\t\n\t\t\t\n<a data-animate=\"flipInY\" href=\"https:\/\/tusimplesolucion.com\/en\/contacto\/\" class=\"button primary is-larger b1\" style=\"border-radius:10px;\">\n\t\t<span>Request a quote<\/span>\n\t<\/a>\n\n\t\t<\/div>\n\t\t\t\t\t<\/div>\n\n\t\n<\/div>\n<\/div><\/div><\/div>\n\t<div id=\"gap-760178138\" class=\"gap-element clearfix\" style=\"display:block; height:auto;\">\n\t\t\n<style>\n#gap-760178138 {\n  padding-top: 50px;\n}\n<\/style>\n\t<\/div>\n\t\n<h2 style=\"text-align: center;\"><span style=\"font-size: 150%;\">Our Services Reforms in Malaga<\/span><\/h2>\n\n\t<section class=\"section\" id=\"section_416867292\">\n\t\t<div class=\"section-bg fill\" >\n\t\t\t\t\t\t\t\t\t\n\t\t\t\n\n\t\t<\/div>\n\n\t\t\n\n\t\t<div class=\"section-content relative\">\n\t\t\t\n<div class=\"row row-large row-full-width align-equal align-center\"  id=\"row-20035403\">\n\n\t<div id=\"col-1409869711\" class=\"col medium-3 large-3\"  >\n\t\t\t\t<div class=\"col-inner\"  >\n\t\t\t\n\t\t\t\n\n\t<a class=\"plain\" href=\"https:\/\/tusimplesolucion.com\/en\/reformas-integrales-malaga\/\" >\t<div class=\"icon-box featured-box icon-box-center text-center\"  style=\"margin:0px 0px 0px 0px;\">\n\t\t\t\t\t<div class=\"icon-box-img has-icon-bg\" style=\"width: 144px\">\n\t\t\t\t<div class=\"icon\">\n\t\t\t\t\t<div class=\"icon-inner\" style=\"border-width:2px;\">\n\t\t\t\t\t\t<img loading=\"lazy\" decoding=\"async\" width=\"300\" height=\"300\" src=\"https:\/\/tusimplesolucion.com\/wp-content\/uploads\/2022\/05\/hogar-300x300.png\" class=\"attachment-medium size-medium\" alt=\"Reformas integrales\" srcset=\"https:\/\/tusimplesolucion.com\/wp-content\/uploads\/2022\/05\/hogar-300x300.png 300w, https:\/\/tusimplesolucion.com\/wp-content\/uploads\/2022\/05\/hogar-150x150.png 150w, https:\/\/tusimplesolucion.com\/wp-content\/uploads\/2022\/05\/hogar-24x24.png 24w, https:\/\/tusimplesolucion.com\/wp-content\/uploads\/2022\/05\/hogar-36x36.png 36w, https:\/\/tusimplesolucion.com\/wp-content\/uploads\/2022\/05\/hogar-48x48.png 48w, https:\/\/tusimplesolucion.com\/wp-content\/uploads\/2022\/05\/hogar.png 512w\" sizes=\"auto, (max-width: 300px) 100vw, 300px\" \/>\t\t\t\t\t<\/div>\n\t\t\t\t<\/div>\n\t\t\t<\/div>\n\t\t\t\t<div class=\"icon-box-text last-reset\">\n\t\t\t<h5 class=\"uppercase\">Comprehensive reforms<\/h5>\t\t\t\t\t\t\n<p>We are passionate about the reforms and committed to the best service. 15 years of experience behind us.&nbsp;<\/p>\n\t\t<\/div>\n\t<\/div>\n\t<\/a>\n\t\n\t\t<\/div>\n\t\t\t\t\t<\/div>\n\n\t\n\n\t<div id=\"col-615069495\" class=\"col medium-3 large-3\"  >\n\t\t\t\t<div class=\"col-inner\"  >\n\t\t\t\n\t\t\t\n\n\t<a class=\"plain\" href=\"https:\/\/tusimplesolucion.com\/en\/reformas-de-cocinas-malaga\/\" >\t<div class=\"icon-box featured-box icon-box-center text-center\"  style=\"margin:0px 0px 0px 0px;\">\n\t\t\t\t\t<div class=\"icon-box-img has-icon-bg\" style=\"width: 144px\">\n\t\t\t\t<div class=\"icon\">\n\t\t\t\t\t<div class=\"icon-inner\" style=\"border-width:2px;\">\n\t\t\t\t\t\t<img loading=\"lazy\" decoding=\"async\" width=\"300\" height=\"300\" src=\"https:\/\/tusimplesolucion.com\/wp-content\/uploads\/2022\/05\/cocina-300x300.png\" class=\"attachment-medium size-medium\" alt=\"\" srcset=\"https:\/\/tusimplesolucion.com\/wp-content\/uploads\/2022\/05\/cocina-300x300.png 300w, https:\/\/tusimplesolucion.com\/wp-content\/uploads\/2022\/05\/cocina-150x150.png 150w, https:\/\/tusimplesolucion.com\/wp-content\/uploads\/2022\/05\/cocina-24x24.png 24w, https:\/\/tusimplesolucion.com\/wp-content\/uploads\/2022\/05\/cocina-36x36.png 36w, https:\/\/tusimplesolucion.com\/wp-content\/uploads\/2022\/05\/cocina-48x48.png 48w, https:\/\/tusimplesolucion.com\/wp-content\/uploads\/2022\/05\/cocina.png 512w\" sizes=\"auto, (max-width: 300px) 100vw, 300px\" \/>\t\t\t\t\t<\/div>\n\t\t\t\t<\/div>\n\t\t\t<\/div>\n\t\t\t\t<div class=\"icon-box-text last-reset\">\n\t\t\t<h5 class=\"uppercase\">REFORMS OF KITCHENS<\/h5>\t\t\t\t\t\t\n<p>You make it easy, we chose the right lighting, the furniture more functional, or the decor that best suits your personality.<\/p>\n\t\t<\/div>\n\t<\/div>\n\t<\/a>\n\t\n\t\t<\/div>\n\t\t\t\t\t<\/div>\n\n\t\n\n\t<div id=\"col-1433888393\" class=\"col medium-3 large-3\"  >\n\t\t\t\t<div class=\"col-inner\"  >\n\t\t\t\n\t\t\t\n\n\t<a class=\"plain\" href=\"https:\/\/tusimplesolucion.com\/en\/reformas-de-banos-malaga\/\" >\t<div class=\"icon-box featured-box icon-box-center text-center\"  style=\"margin:0px 0px 0px 0px;\">\n\t\t\t\t\t<div class=\"icon-box-img has-icon-bg\" style=\"width: 144px\">\n\t\t\t\t<div class=\"icon\">\n\t\t\t\t\t<div class=\"icon-inner\" style=\"border-width:2px;\">\n\t\t\t\t\t\t<img loading=\"lazy\" decoding=\"async\" width=\"300\" height=\"300\" src=\"https:\/\/tusimplesolucion.com\/wp-content\/uploads\/2022\/05\/bano-publico-300x300.png\" class=\"attachment-medium size-medium\" alt=\"\" srcset=\"https:\/\/tusimplesolucion.com\/wp-content\/uploads\/2022\/05\/bano-publico-300x300.png 300w, https:\/\/tusimplesolucion.com\/wp-content\/uploads\/2022\/05\/bano-publico-150x150.png 150w, https:\/\/tusimplesolucion.com\/wp-content\/uploads\/2022\/05\/bano-publico-24x24.png 24w, https:\/\/tusimplesolucion.com\/wp-content\/uploads\/2022\/05\/bano-publico-36x36.png 36w, https:\/\/tusimplesolucion.com\/wp-content\/uploads\/2022\/05\/bano-publico-48x48.png 48w, https:\/\/tusimplesolucion.com\/wp-content\/uploads\/2022\/05\/bano-publico.png 512w\" sizes=\"auto, (max-width: 300px) 100vw, 300px\" \/>\t\t\t\t\t<\/div>\n\t\t\t\t<\/div>\n\t\t\t<\/div>\n\t\t\t\t<div class=\"icon-box-text last-reset\">\n\t\t\t<h5 class=\"uppercase\">BATHROOM RENOVATIONS<\/h5>\t\t\t\t\t\t\n<p>We have extensive experience in bathroom renovations. Renew your bathroom, occupying all the details.<\/p>\n\t\t<\/div>\n\t<\/div>\n\t<\/a>\n\t\n\t\t<\/div>\n\t\t\t\t\t<\/div>\n\n\t\n<\/div>\n\t\t<\/div>\n\n\t\t\n<style>\n#section_416867292 {\n  padding-top: 30px;\n  padding-bottom: 30px;\n  background-color: rgb(255, 255, 255);\n}\n<\/style>\n\t<\/section>","protected":false},"excerpt":{"rendered":"<p>Our Services Reforms in Malaga<\/p>","protected":false},"author":3,"featured_media":0,"parent":0,"menu_order":0,"comment_status":"closed","ping_status":"closed","template":"page-blank.php","meta":{"_joinchat":[],"footnotes":""},"class_list":["post-499","page","type-page","status-publish","hentry"],"_links":{"self":[{"href":"https:\/\/tusimplesolucion.com\/en\/wp-json\/wp\/v2\/pages\/499","targetHints":{"allow":["GET"]}}],"collection":[{"href":"https:\/\/tusimplesolucion.com\/en\/wp-json\/wp\/v2\/pages"}],"about":[{"href":"https:\/\/tusimplesolucion.com\/en\/wp-json\/wp\/v2\/types\/page"}],"author":[{"embeddable":true,"href":"https:\/\/tusimplesolucion.com\/en\/wp-json\/wp\/v2\/users\/3"}],"replies":[{"embeddable":true,"href":"https:\/\/tusimplesolucion.com\/en\/wp-json\/wp\/v2\/comments?post=499"}],"version-history":[{"count":16,"href":"https:\/\/tusimplesolucion.com\/en\/wp-json\/wp\/v2\/pages\/499\/revisions"}],"predecessor-version":[{"id":731,"href":"https:\/\/tusimplesolucion.com\/en\/wp-json\/wp\/v2\/pages\/499\/revisions\/731"}],"wp:attachment":[{"href":"https:\/\/tusimplesolucion.com\/en\/wp-json\/wp\/v2\/media?parent=499"}],"curies":[{"name":"wp","href":"https:\/\/api.w.org\/{rel}","templated":true}]}}