{"id":631,"date":"2024-02-16T21:52:03","date_gmt":"2024-02-16T21:52:03","guid":{"rendered":"https:\/\/tusimplesolucion.com\/?page_id=631"},"modified":"2024-03-14T15:56:10","modified_gmt":"2024-03-14T15:56:10","slug":"contacto","status":"publish","type":"page","link":"https:\/\/tusimplesolucion.com\/en\/contacto\/","title":{"rendered":"Contact"},"content":{"rendered":"<div class=\"row\"  id=\"row-787155837\">\n\n\t<div id=\"col-431813081\" class=\"col small-12 large-12\"  >\n\t\t\t\t<div class=\"col-inner\"  >\n\t\t\t\n\t\t\t\n\t<div id=\"gap-1768836813\" class=\"gap-element clearfix\" style=\"display:block; height:auto;\">\n\t\t\n<style>\n#gap-1768836813 {\n  padding-top: 60px;\n}\n<\/style>\n\t<\/div>\n\t\n\t\t<\/div>\n\t\t\t\t\t<\/div>\n\n\t\n<\/div>\n<div class=\"row\"  id=\"row-1532958634\">\n\n\t<div id=\"col-1968677520\" class=\"col medium-6 small-12 large-6\"  >\n\t\t\t\t<div class=\"col-inner\"  >\n\t\t\t\n\t\t\t\n<div class=\"container section-title-container\" ><h3 class=\"section-title section-title-normal\"><b aria-hidden=\"true\"><\/b><span class=\"section-title-main\" style=\"font-size:132%;\">En qu\u00e9 podemos ayudarte<\/span><b aria-hidden=\"true\"><\/b><\/h3><\/div>\n<p class=\"lead\" style=\"text-align: center;\">Si quieres hacernos alguna consulta o pedir un presupuesto, rellena y env\u00edanos el formulario y contactaremos contigo tan pronto nos sea posible.<\/p>\n<p class=\"lead\" style=\"text-align: center;\">Si lo prefieres puedes llamarnos al:<\/p>\n<a data-animate=\"fadeInLeft\" href=\"tel:+34682231729\" class=\"button white is-outline is-xlarge box-shadow-2 box-shadow-4-hover expand\" style=\"border-radius:16px;padding:0px 0px 0px 0px;\">\n\t<i class=\"icon-phone\" aria-hidden=\"true\"><\/i>\t<span>682 231 729<\/span>\n\t<\/a>\n\n\t<div id=\"gap-392776234\" class=\"gap-element clearfix\" style=\"display:block; height:auto;\">\n\t\t\n<style>\n#gap-392776234 {\n  padding-top: 40px;\n}\n<\/style>\n\t<\/div>\n\t\n\t<div class=\"img has-hover x md-x lg-x y md-y lg-y\" id=\"image_224330491\">\n\t\t\t\t\t\t\t\t<div class=\"img-inner dark\" >\n\t\t\t<img loading=\"lazy\" decoding=\"async\" width=\"190\" height=\"111\" src=\"https:\/\/tusimplesolucion.com\/wp-content\/uploads\/2021\/04\/Tu-simple-solucion-en-espana-1.png\" class=\"attachment-large size-large\" alt=\"\" srcset=\"https:\/\/tusimplesolucion.com\/wp-content\/uploads\/2021\/04\/Tu-simple-solucion-en-espana-1.png 190w, https:\/\/tusimplesolucion.com\/wp-content\/uploads\/2021\/04\/Tu-simple-solucion-en-espana-1-24x14.png 24w, https:\/\/tusimplesolucion.com\/wp-content\/uploads\/2021\/04\/Tu-simple-solucion-en-espana-1-36x21.png 36w, https:\/\/tusimplesolucion.com\/wp-content\/uploads\/2021\/04\/Tu-simple-solucion-en-espana-1-48x28.png 48w\" sizes=\"auto, (max-width: 190px) 100vw, 190px\" \/>\t\t\t\t\t\t\n\t\t\t\t\t<\/div>\n\t\t\t\t\t\t\t\t\n<style>\n#image_224330491 {\n  width: 40%;\n}\n<\/style>\n\t<\/div>\n\t\n\t\t<\/div>\n\t\t\t\t\n<style>\n#col-1968677520 > .col-inner {\n  padding: 40px 40px 0px 40px;\n  margin: 0px 0px 0px 0px;\n}\n<\/style>\n\t<\/div>\n\n\t\n\n\t<div id=\"col-409160205\" class=\"col medium-6 small-12 large-6\"  >\n\t\t\t\t<div class=\"col-inner\" style=\"background-color:rgba(206, 200, 200, 0.372);\" >\n\t\t\t\n\t<div class=\"is-border\"\n\t\tstyle=\"border-color:rgb(12, 11, 11);border-width:2px 2px 2px 2px;margin:0px 0px 0px 0px;\">\n\t<\/div>\n\t\t\t\n\n<div class=\"wpcf7 no-js\" id=\"wpcf7-f637-o1\" lang=\"es-ES\" dir=\"ltr\" data-wpcf7-id=\"637\">\n<div class=\"screen-reader-response\"><p role=\"status\" aria-live=\"polite\" aria-atomic=\"true\"><\/p> <ul><\/ul><\/div>\n<form action=\"\/en\/wp-json\/wp\/v2\/pages\/631#wpcf7-f637-o1\" method=\"post\" class=\"wpcf7-form init\" aria-label=\"Formulario de contacto\" novalidate=\"novalidate\" data-status=\"init\" data-trp-original-action=\"\/en\/wp-json\/wp\/v2\/pages\/631#wpcf7-f637-o1\">\n<fieldset class=\"hidden-fields-container\"><input type=\"hidden\" name=\"_wpcf7\" value=\"637\" \/><input type=\"hidden\" name=\"_wpcf7_version\" value=\"6.1.5\" \/><input type=\"hidden\" name=\"_wpcf7_locale\" value=\"es_ES\" \/><input type=\"hidden\" name=\"_wpcf7_unit_tag\" value=\"wpcf7-f637-o1\" \/><input type=\"hidden\" name=\"_wpcf7_container_post\" value=\"0\" \/><input type=\"hidden\" name=\"_wpcf7_posted_data_hash\" value=\"\" \/><input type=\"hidden\" name=\"_wpcf7_recaptcha_response\" value=\"\" \/>\n<\/fieldset>\n<p><span class=\"wpcf7-form-control-wrap\" data-name=\"nombre\"><input size=\"40\" maxlength=\"400\" class=\"wpcf7-form-control wpcf7-text wpcf7-validates-as-required\" aria-required=\"true\" aria-invalid=\"false\" placeholder=\"Nombre\" value=\"\" type=\"text\" name=\"nombre\" \/><\/span><br \/>\n<span class=\"wpcf7-form-control-wrap\" data-name=\"email\"><input size=\"40\" maxlength=\"400\" class=\"wpcf7-form-control wpcf7-email wpcf7-validates-as-required wpcf7-text wpcf7-validates-as-email\" aria-required=\"true\" aria-invalid=\"false\" placeholder=\"E-mail\" value=\"\" type=\"email\" name=\"email\" \/><\/span><br \/>\n<span class=\"wpcf7-form-control-wrap\" data-name=\"telefono\"><input size=\"40\" maxlength=\"400\" class=\"wpcf7-form-control wpcf7-tel wpcf7-validates-as-required wpcf7-text wpcf7-validates-as-tel\" aria-required=\"true\" aria-invalid=\"false\" placeholder=\"Tel\u00e9fono\" value=\"\" type=\"tel\" name=\"telefono\" \/><\/span><br \/>\n<span class=\"wpcf7-form-control-wrap\" data-name=\"Consulta\"><textarea cols=\"40\" rows=\"10\" maxlength=\"2000\" class=\"wpcf7-form-control wpcf7-textarea wpcf7-validates-as-required\" aria-required=\"true\" aria-invalid=\"false\" placeholder=\"Consulta\" name=\"Consulta\"><\/textarea><\/span>\n<\/p>\n<p><span style=\"font-size: 90%;\"><strong>Responsable de los datos<\/strong>:Tu Simple Soluci\u00f3n<strong><br \/>\n<\/strong><strong>Finalidad<\/strong>: Responder a tus consultas y establecer una comunicaci\u00f3n sobre nuestros servicios. <strong>Legitimaci\u00f3n<\/strong>: Tu consentimiento expreso<br \/>\n<strong>Destinatarios<\/strong>: Tus datos no se ceden ni se venden a terceros.<br \/>\n<strong>Derechos<\/strong>: Tienes derecho al acceso, rectificaci\u00f3n, supresi\u00f3n, limitaci\u00f3n y portabilidad de tus datos enviado un correo electr\u00f3nico a <a href=\"mailto: info@tusimplesolucion.com\"> info@tusimplesolucion.com <\/a><br \/>\nPuedes consultar toda la informaci\u00f3n completa en nuestra <a href=\"https:\/\/tusimplesolucion.com\/en\/politica-de-privacidad\/\"><u>pol\u00edtica de privacidad<\/u><\/a><\/span>\n<\/p>\n<p><span class=\"wpcf7-form-control-wrap\" data-name=\"acceptance-903\"><span class=\"wpcf7-form-control wpcf7-acceptance\"><span class=\"wpcf7-list-item\"><label><input type=\"checkbox\" name=\"acceptance-903\" value=\"1\" aria-invalid=\"false\" \/><span class=\"wpcf7-list-item-label\"><a href=\"https:\/\/tusimplesolucion.com\/en\/politica-de-privacidad\/\">He le\u00eddo y acepto la Pol\u00edtica de Privacidad as\u00ed como el tratamiento de mis datos<\/a><\/span><\/label><\/span><\/span><\/span>\n<\/p>\n<p><input class=\"wpcf7-form-control wpcf7-submit has-spinner\" type=\"submit\" value=\"Enviar\" \/>\n<\/p><p style=\"display: none !important;\" class=\"akismet-fields-container\" data-prefix=\"_wpcf7_ak_\"><label>&#916;<textarea name=\"_wpcf7_ak_hp_textarea\" cols=\"45\" rows=\"8\" maxlength=\"100\"><\/textarea><\/label><input type=\"hidden\" id=\"ak_js_1\" name=\"_wpcf7_ak_js\" value=\"169\"\/><script>document.getElementById( \"ak_js_1\" ).setAttribute( \"value\", ( new Date() ).getTime() );<\/script><\/p><input type='hidden' class='wpcf7-pum' value='{\"closepopup\":false,\"closedelay\":0,\"openpopup\":false,\"openpopup_id\":0}' \/><div class=\"wpcf7-response-output\" aria-hidden=\"true\"><\/div>\n<input type=\"hidden\" name=\"trp-form-language\" value=\"en\"\/><\/form>\n<\/div>\n\n\t\t<\/div>\n\t\t\t\t\n<style>\n#col-409160205 > .col-inner {\n  padding: 20px 10px 10px 10px;\n  margin: 5px 5px 5px 5px;\n}\n<\/style>\n\t<\/div>\n\n\t\n<\/div>","protected":false},"excerpt":{"rendered":"En qu\u00e9 podemos ayudarte Si quieres hacernos alguna consulta o pedir un presupuesto, rellena y env\u00edanos el formulario y contactaremos contigo tan pronto nos sea posible. Si lo prefieres puedes llamarnos al: 682 231 729 Responsable de los datos:Tu Simple Soluci\u00f3n Finalidad: Responder a tus consultas y establecer una comunicaci\u00f3n sobre nuestros servicios. Legitimaci\u00f3n: Tu [...]","protected":false},"author":3,"featured_media":0,"parent":0,"menu_order":0,"comment_status":"closed","ping_status":"closed","template":"template-page-builder.php","meta":{"_joinchat":[],"footnotes":""},"class_list":["post-631","page","type-page","status-publish","hentry"],"_links":{"self":[{"href":"https:\/\/tusimplesolucion.com\/en\/wp-json\/wp\/v2\/pages\/631","targetHints":{"allow":["GET"]}}],"collection":[{"href":"https:\/\/tusimplesolucion.com\/en\/wp-json\/wp\/v2\/pages"}],"about":[{"href":"https:\/\/tusimplesolucion.com\/en\/wp-json\/wp\/v2\/types\/page"}],"author":[{"embeddable":true,"href":"https:\/\/tusimplesolucion.com\/en\/wp-json\/wp\/v2\/users\/3"}],"replies":[{"embeddable":true,"href":"https:\/\/tusimplesolucion.com\/en\/wp-json\/wp\/v2\/comments?post=631"}],"version-history":[{"count":11,"href":"https:\/\/tusimplesolucion.com\/en\/wp-json\/wp\/v2\/pages\/631\/revisions"}],"predecessor-version":[{"id":647,"href":"https:\/\/tusimplesolucion.com\/en\/wp-json\/wp\/v2\/pages\/631\/revisions\/647"}],"wp:attachment":[{"href":"https:\/\/tusimplesolucion.com\/en\/wp-json\/wp\/v2\/media?parent=631"}],"curies":[{"name":"wp","href":"https:\/\/api.w.org\/{rel}","templated":true}]}}